{"id":90459,"date":"2025-08-30T07:41:19","date_gmt":"2025-08-30T07:41:19","guid":{"rendered":"https:\/\/www.demac.it\/newsletter\/"},"modified":"2025-10-10T17:30:14","modified_gmt":"2025-10-10T17:30:14","slug":"newsletter","status":"publish","type":"page","link":"https:\/\/www.demac.it\/fr\/newsletter\/","title":{"rendered":"Newsletter"},"content":{"rendered":"<div class=\"wpb-content-wrapper\"><p>[vc_row][vc_column]<div class=\"dfd-spacer-module\"  data-units=\"px\" data-wide_resolution=\"1280\" data-wide_size=\"105\" data-normal_resolution=\"1024\" data-normal_size=\"90\" data-tablet_resolution=\"800\" data-tablet_size=\"90\" data-mobile_resolution=\"480\" data-mobile_size=\"80\" style=\"height: 105px;\"><\/div>[\/vc_column][\/vc_row][vc_row dfd_row_config=\u00a0\u00bbfull_width_content\u00a0\u00bb][vc_column width=\u00a0\u00bb1\/6&Prime; dfd_column_responsive_enable=\u00a0\u00bbdfd-column-responsive-enable\u00a0\u00bb responsive_styles=\u00a0\u00bbpadding_left_desktop:20|padding_right_desktop:20|padding_left_tablet:20|padding_right_tablet:20|padding_left_mobile:20|padding_right_mobile:20&Prime; css=\u00a0\u00bb.vc_custom_1580286033860{background-color: # !important;}\u00a0\u00bb col_shadow=\u00a0\u00bbbox_shadow_enable:disable|shadow_horizontal:0|shadow_vertical:15|shadow_blur:50|shadow_spread:0|box_shadow_color:rgba(0%2C0%2C0%2C0.35)\u00a0\u00bb col_shadow_hover=\u00a0\u00bbbox_shadow_enable:disable|shadow_horizontal:0|shadow_vertical:15|shadow_blur:50|shadow_spread:0|box_shadow_color:rgba(0%2C0%2C0%2C0.35)\u00a0\u00bb][\/vc_column][vc_column width=\u00a0\u00bb2\/3&Prime;]<div class=\"dfd-heading-shortcode\"><div class=\"dfd-heading-module-wrap  text-center style_02 cr-animate-gen dfd-heading-69e06f6d44faf dfd-disable-resposive-headings\" id=\"dfd-heading-69e06f6d44faf\" data-animate-type = \"transition.slideLeftBigIn\" ><div class=\"inline-block\"><div class=\"dfd-heading-module\"><h4 class=\"widget-title dfd-title \" style=\"\">Restez inform\u00e9 des nouveaux produits et \u00e9v\u00e9nements Demac<\/h4><div class=\"dfd-heading-delimiter\"><\/div><\/div><\/div><\/div><script type=\"text\/javascript\">\r\n\t\t\t\t\t\t\t\t\t(function($) {\r\n\t\t\t\t\t\t\t\t\t\t$(\"head\").append(\"<style>.dfd-heading-69e06f6d44faf.dfd-heading-module-wrap .dfd-heading-module .dfd-heading-delimiter {border-bottom-style:solid;border-bottom-width:1px;width:100px;border-bottom-color:#dddddd;}.dfd-heading-69e06f6d44faf.dfd-heading-module-wrap .dfd-heading-module .dfd-heading-delimiter {margin-top:10px;margin-bottom:10px;}@media (max-width: 1279px) and (min-width: 1024px){.dfd-heading-69e06f6d44faf .dfd-title{letter-spacing: 3px !important;}}@media (max-width: 1023px) and (min-width: 800px){.dfd-heading-69e06f6d44faf .dfd-title{letter-spacing: 3px !important;line-height: 36px !important;}}@media (max-width: 799px){.dfd-heading-69e06f6d44faf .dfd-title{font-size: 19px !important;letter-spacing: 0px !important;line-height: 30px !important;}}@media (max-width: 1023px) and (min-width: 800px){.dfd-heading-69e06f6d44faf .dfd-sub-title{line-height: 36px !important;}}@media (max-width: 799px){.dfd-heading-69e06f6d44faf .dfd-sub-title{line-height: 22px !important;}}<\/style>\");\r\n\t\t\t\t\t\t\t\t\t})(jQuery);\r\n\t\t\t\t\t\t\t\t<\/script><\/div><div class=\"dfd-heading-shortcode\"><div class=\"dfd-heading-module-wrap  text-center style_02 cr-animate-gen dfd-heading-69e06f6d45272 dfd-disable-resposive-headings\" id=\"dfd-heading-69e06f6d45272\" data-animate-type = \"transition.slideLeftBigIn\" ><div class=\"inline-block\"><div class=\"dfd-heading-module\"><h2 class=\"widget-title dfd-title \" style=\"font-size: 35px; line-height: 0px; \">Abonnez-vous \u00e0 notre newsletter<\/h2><\/div><\/div><\/div><script type=\"text\/javascript\">\r\n\t\t\t\t\t\t\t\t\t(function($) {\r\n\t\t\t\t\t\t\t\t\t\t$(\"head\").append(\"<style>.dfd-heading-69e06f6d45272.dfd-heading-module-wrap .dfd-heading-module .dfd-heading-delimiter {margin-top:10px;margin-bottom:10px;}@media (max-width: 1279px) and (min-width: 1024px){.dfd-heading-69e06f6d45272 .dfd-title{letter-spacing: 3px !important;}}@media (max-width: 1023px) and (min-width: 800px){.dfd-heading-69e06f6d45272 .dfd-title{letter-spacing: 3px !important;line-height: 36px !important;}}@media (max-width: 799px){.dfd-heading-69e06f6d45272 .dfd-title{font-size: 19px !important;letter-spacing: 0px !important;line-height: 30px !important;}}@media (max-width: 1023px) and (min-width: 800px){.dfd-heading-69e06f6d45272 .dfd-sub-title{line-height: 36px !important;}}@media (max-width: 799px){.dfd-heading-69e06f6d45272 .dfd-sub-title{line-height: 22px !important;}}<\/style>\");\r\n\t\t\t\t\t\t\t\t\t})(jQuery);\r\n\t\t\t\t\t\t\t\t<\/script><\/div><div class=\"dfd-spacer-module\"  data-units=\"px\" data-wide_resolution=\"1280\" data-wide_size=\"80\" data-normal_resolution=\"1024\" data-normal_size=\"80\" data-tablet_resolution=\"800\" data-tablet_size=\"80\" data-mobile_resolution=\"480\" data-mobile_size=\"80\" style=\"height: 80px;\"><\/div>[vc_raw_html css=\u00a0\u00bb\u00a0\u00bb]JTNDZGl2JTIwaWQlM0QlMjJmb3JtLWFjbV81OTA0NCUyMiUzRSUzQyUyRmRpdiUzRQ==[\/vc_raw_html]<div class=\"dfd-spacer-module\"  data-units=\"px\" data-wide_resolution=\"1280\" data-wide_size=\"80\" data-normal_resolution=\"1024\" data-normal_size=\"80\" data-tablet_resolution=\"800\" data-tablet_size=\"80\" data-mobile_resolution=\"480\" data-mobile_size=\"80\" style=\"height: 80px;\"><\/div>[\/vc_column][vc_column width=\u00a0\u00bb1\/6&Prime;][\/vc_column][\/vc_row][vc_row dfd_row_config=\u00a0\u00bbfull_width_content\u00a0\u00bb css=\u00a0\u00bb.vc_custom_1756537233104{background-color: #0000004D !important;}\u00a0\u00bb][vc_column width=\u00a0\u00bb1\/6&Prime; dfd_column_responsive_enable=\u00a0\u00bbdfd-column-responsive-enable\u00a0\u00bb responsive_styles=\u00a0\u00bbpadding_left_desktop:20|padding_right_desktop:20|padding_left_tablet:20|padding_right_tablet:20|padding_left_mobile:20|padding_right_mobile:20&Prime; css=\u00a0\u00bb.vc_custom_1580286033860{background-color: # !important;}\u00a0\u00bb col_shadow=\u00a0\u00bbbox_shadow_enable:disable|shadow_horizontal:0|shadow_vertical:15|shadow_blur:50|shadow_spread:0|box_shadow_color:rgba(0%2C0%2C0%2C0.35)\u00a0\u00bb col_shadow_hover=\u00a0\u00bbbox_shadow_enable:disable|shadow_horizontal:0|shadow_vertical:15|shadow_blur:50|shadow_spread:0|box_shadow_color:rgba(0%2C0%2C0%2C0.35)\u00a0\u00bb][\/vc_column][vc_column width=\u00a0\u00bb2\/3&Prime;]<div class=\"dfd-spacer-module\"  data-units=\"px\" data-wide_resolution=\"1280\" data-wide_size=\"80\" data-normal_resolution=\"1024\" data-normal_size=\"80\" data-tablet_resolution=\"800\" data-tablet_size=\"80\" data-mobile_resolution=\"480\" data-mobile_size=\"80\" style=\"height: 80px;\"><\/div><div class=\"dfd-heading-shortcode\"><div class=\"dfd-heading-module-wrap  text-center style_02 cr-animate-gen dfd-heading-69e06f6d456dd dfd-disable-resposive-headings\" id=\"dfd-heading-69e06f6d456dd\" data-animate-type = \"transition.slideLeftBigIn\" ><div class=\"inline-block\"><div class=\"dfd-heading-module\"><h4 class=\"widget-title dfd-title \" style=\"\">Archives des newsletters<\/h4><div class=\"dfd-heading-delimiter\"><\/div><\/div><\/div><\/div><script type=\"text\/javascript\">\r\n\t\t\t\t\t\t\t\t\t(function($) {\r\n\t\t\t\t\t\t\t\t\t\t$(\"head\").append(\"<style>.dfd-heading-69e06f6d456dd.dfd-heading-module-wrap .dfd-heading-module .dfd-heading-delimiter {border-bottom-style:solid;border-bottom-width:1px;width:100px;border-bottom-color:#dddddd;}.dfd-heading-69e06f6d456dd.dfd-heading-module-wrap .dfd-heading-module .dfd-heading-delimiter {margin-top:10px;margin-bottom:10px;}@media (max-width: 1279px) and (min-width: 1024px){.dfd-heading-69e06f6d456dd .dfd-title{letter-spacing: 3px !important;}}@media (max-width: 1023px) and (min-width: 800px){.dfd-heading-69e06f6d456dd .dfd-title{letter-spacing: 3px !important;line-height: 36px !important;}}@media (max-width: 799px){.dfd-heading-69e06f6d456dd .dfd-title{font-size: 19px !important;letter-spacing: 0px !important;line-height: 30px !important;}}@media (max-width: 1023px) and (min-width: 800px){.dfd-heading-69e06f6d456dd .dfd-sub-title{line-height: 36px !important;}}@media (max-width: 799px){.dfd-heading-69e06f6d456dd .dfd-sub-title{line-height: 22px !important;}}<\/style>\");\r\n\t\t\t\t\t\t\t\t\t})(jQuery);\r\n\t\t\t\t\t\t\t\t<\/script><\/div><div class=\"dfd-spacer-module\"  data-units=\"px\" data-wide_resolution=\"1280\" data-wide_size=\"80\" data-normal_resolution=\"1024\" data-normal_size=\"80\" data-tablet_resolution=\"800\" data-tablet_size=\"80\" data-mobile_resolution=\"480\" data-mobile_size=\"80\" style=\"height: 80px;\"><\/div><div id=\"idinfobox69e06f6d45a2e\" class=\"dfd-info-box clearfix style-01 layout-04  idinfobox69e06f6d45a2e\" ><div class=\"dfd-animate-container\"><div class=\"content-wrap ovh\"><div class=\"info-box-subtitle subtitle\" style=\"\">Septembre 2025<\/div><div class=\"wrap-delimiter\"><div class=\"delimiter\" ><\/div><\/div><div class=\"description\" style=\"\">ENROULEURS MOTORIS\u00c9S POUR OFFSHORE<\/div><div><div class=\"dfd-module-readmore\"><span class=\"read-more-06\"><i class=\"dfd-icon-down_right\"><\/i><\/span><\/div><\/div><\/div><a href=\"https:\/\/clickacm.com\/show\/af3b269a-84a1-11f0-825a-005056bd5094\/\"  target=\"_blank\" class=\"full-box-link\"><\/a><\/div><\/div><div id=\"idinfobox69e06f6d45d35\" class=\"dfd-info-box clearfix style-01 layout-04  idinfobox69e06f6d45d35\" ><div class=\"dfd-animate-container\"><div class=\"content-wrap ovh\"><div class=\"info-box-subtitle subtitle\" style=\"\">Octobre 2025<\/div><div class=\"wrap-delimiter\"><div class=\"delimiter\" ><\/div><\/div><div class=\"description\" style=\"\">GIS EXPO 2025<\/div><div><div class=\"dfd-module-readmore\"><span class=\"read-more-06\"><i class=\"dfd-icon-down_right\"><\/i><\/span><\/div><\/div><\/div><a href=\"https:\/\/clickacm.com\/show\/b8645282-9554-11f0-b8d0-005056bd5094\/\"  target=\"_blank\" class=\"full-box-link\"><\/a><\/div><\/div><div class=\"dfd-spacer-module\"  data-units=\"px\" data-wide_resolution=\"1280\" data-wide_size=\"80\" data-normal_resolution=\"1024\" data-normal_size=\"80\" data-tablet_resolution=\"800\" data-tablet_size=\"80\" data-mobile_resolution=\"480\" data-mobile_size=\"80\" style=\"height: 80px;\"><\/div>[\/vc_column][vc_column width=\u00a0\u00bb1\/6&Prime;][\/vc_column][\/vc_row]<\/p>\n<\/div>","protected":false},"excerpt":{"rendered":"<p>[vc_row][vc_column][\/vc_column][\/vc_row][vc_row dfd_row_config=\u00a0\u00bbfull_width_content\u00a0\u00bb][vc_column width=\u00a0\u00bb1\/6&Prime; dfd_column_responsive_enable=\u00a0\u00bbdfd-column-responsive-enable\u00a0\u00bb responsive_styles=\u00a0\u00bbpadding_left_desktop:20|padding_right_desktop:20|padding_left_tablet:20|padding_right_tablet:20|padding_left_mobile:20|padding_right_mobile:20&Prime; css=\u00a0\u00bb.vc_custom_1580286033860{background-color: # !important;}\u00a0\u00bb col_shadow=\u00a0\u00bbbox_shadow_enable:disable|shadow_horizontal:0|shadow_vertical:15|shadow_blur:50|shadow_spread:0|box_shadow_color:rgba(0%2C0%2C0%2C0.35)\u00a0\u00bb col_shadow_hover=\u00a0\u00bbbox_shadow_enable:disable|shadow_horizontal:0|shadow_vertical:15|shadow_blur:50|shadow_spread:0|box_shadow_color:rgba(0%2C0%2C0%2C0.35)\u00a0\u00bb][\/vc_column][vc_column width=\u00a0\u00bb2\/3&Prime;][vc_raw_html css=\u00a0\u00bb\u00a0\u00bb]JTNDZGl2JTIwaWQlM0QlMjJmb3JtLWFjbV81OTA0NCUyMiUzRSUzQyUyRmRpdiUzRQ==[\/vc_raw_html][\/vc_column][vc_column width=\u00a0\u00bb1\/6&Prime;][\/vc_column][\/vc_row][vc_row dfd_row_config=\u00a0\u00bbfull_width_content\u00a0\u00bb css=\u00a0\u00bb.vc_custom_1756537233104{background-color: #0000004D !important;}\u00a0\u00bb][vc_column width=\u00a0\u00bb1\/6&Prime; dfd_column_responsive_enable=\u00a0\u00bbdfd-column-responsive-enable\u00a0\u00bb responsive_styles=\u00a0\u00bbpadding_left_desktop:20|padding_right_desktop:20|padding_left_tablet:20|padding_right_tablet:20|padding_left_mobile:20|padding_right_mobile:20&Prime; css=\u00a0\u00bb.vc_custom_1580286033860{background-color: # !important;}\u00a0\u00bb col_shadow=\u00a0\u00bbbox_shadow_enable:disable|shadow_horizontal:0|shadow_vertical:15|shadow_blur:50|shadow_spread:0|box_shadow_color:rgba(0%2C0%2C0%2C0.35)\u00a0\u00bb col_shadow_hover=\u00a0\u00bbbox_shadow_enable:disable|shadow_horizontal:0|shadow_vertical:15|shadow_blur:50|shadow_spread:0|box_shadow_color:rgba(0%2C0%2C0%2C0.35)\u00a0\u00bb][\/vc_column][vc_column width=\u00a0\u00bb2\/3&Prime;][\/vc_column][vc_column width=\u00a0\u00bb1\/6&Prime;][\/vc_column][\/vc_row]<\/p>\n","protected":false},"author":1,"featured_media":0,"parent":0,"menu_order":0,"comment_status":"closed","ping_status":"closed","template":"page-custom-with-header.php","meta":{"footnotes":""},"class_list":["post-90459","page","type-page","status-publish","hentry"],"_links":{"self":[{"href":"https:\/\/www.demac.it\/fr\/wp-json\/wp\/v2\/pages\/90459","targetHints":{"allow":["GET"]}}],"collection":[{"href":"https:\/\/www.demac.it\/fr\/wp-json\/wp\/v2\/pages"}],"about":[{"href":"https:\/\/www.demac.it\/fr\/wp-json\/wp\/v2\/types\/page"}],"author":[{"embeddable":true,"href":"https:\/\/www.demac.it\/fr\/wp-json\/wp\/v2\/users\/1"}],"replies":[{"embeddable":true,"href":"https:\/\/www.demac.it\/fr\/wp-json\/wp\/v2\/comments?post=90459"}],"version-history":[{"count":2,"href":"https:\/\/www.demac.it\/fr\/wp-json\/wp\/v2\/pages\/90459\/revisions"}],"predecessor-version":[{"id":90469,"href":"https:\/\/www.demac.it\/fr\/wp-json\/wp\/v2\/pages\/90459\/revisions\/90469"}],"wp:attachment":[{"href":"https:\/\/www.demac.it\/fr\/wp-json\/wp\/v2\/media?parent=90459"}],"curies":[{"name":"wp","href":"https:\/\/api.w.org\/{rel}","templated":true}]}}